{"id":1153,"date":"2026-04-08T18:39:41","date_gmt":"2026-04-08T21:39:41","guid":{"rendered":"https:\/\/hobbyister.com.br\/index2.php\/?post_type=product&#038;p=1153"},"modified":"2026-05-01T18:41:33","modified_gmt":"2026-05-01T21:41:33","slug":"kit-v2-0-basico-monte-sua-maquina-de-corte-a-laser-co2-aco-carbono","status":"publish","type":"product","link":"https:\/\/hobbyister.com.br\/index2.php\/product\/kit-v2-0-basico-monte-sua-maquina-de-corte-a-laser-co2-aco-carbono\/","title":{"rendered":"Kit v2.0 (B\u00e1sico) &#8211; Monte sua M\u00e1quina de corte a Laser Co2 &#8211; A\u00e7o carbono"},"content":{"rendered":"<p>Esse Kit (B\u00e1sico) \u00e9 pra quem quer montar o seu pr\u00f3prio equipamento de Corte a Laser Co2<\/p>\n<p>Feito em A\u00e7o Carbono de 2mm e pintura preta. Esse kit cont\u00e9m:<\/p>\n<ul>\n<li>2x Suportes Dianteiros esticadores para Correia<\/li>\n<li>2x Suportes Traseiros trava para Correia<\/li>\n<li>2x Suportes em L para Polia Dentada Eixo X<\/li>\n<li>2x Travessas para suporte de Tubo<\/li>\n<li>1xSuporte de Motor do Eixo X (NEMA 23)<\/li>\n<li>1x Base suporte para Esteira at\u00e9 70mm Y<\/li>\n<li>1x L base para esteira X<\/li>\n<li>2x Bases\/Carro do Eixo Y (1 motor NEMA 23)<\/li>\n<li>2x Sensores Fim de Curso + suporte em acr\u00edlico<\/li>\n<li>1x Base Fim de Curso Y<\/li>\n<li>2x Mancal de barra<\/li>\n<li>2x Buchas a\u00e7o<\/li>\n<li>2x Eixo usinado 8mm (ponteira)<\/li>\n<li>2x Suportes de Tubo + Fita perfurada + parafusos<\/li>\n<li>BRINDE: 6x porta Cabo para 3030 | Base T para esteira | N\u00edvel bolha3<\/li>\n<\/ul>\n<p>::: ATEN\u00c7\u00c3O :::<\/p>\n<p>Este KIT n\u00e3o acompanha Alum\u00ednios estruturais, Trilhos, patins, suportes de espelho ou qualquer outro item que n\u00e3o esteja descrito acima.<br \/>\nTodos os outros componentes devem ser comprados a parte<\/p>\n","protected":false},"excerpt":{"rendered":"<p>Esse Kit \u00e9 pra quem quer montar o seu pr\u00f3prio equipamento de Corte a Laser Co2<\/p>\n<p>Veja tamb\u00e9m o curso de montagem caso seja iniciante e queira ganhar experi\u00eancia antes de iniciar as compras dos seus componentes<\/p>\n","protected":false},"featured_media":1158,"comment_status":"open","ping_status":"closed","template":"","meta":[],"product_brand":[67],"product_cat":[61],"product_tag":[68,70,69],"class_list":{"0":"post-1153","1":"product","2":"type-product","3":"status-publish","4":"has-post-thumbnail","6":"product_brand-maker-de-elite","7":"product_cat-laser","8":"product_tag-corte-a-laser","9":"product_tag-gravadora-a-laser-diy","10":"product_tag-maquina-laser-diy","12":"first","13":"instock","14":"shipping-taxable","15":"purchasable","16":"product-type-simple"},"_links":{"self":[{"href":"https:\/\/hobbyister.com.br\/index2.php\/wp-json\/wp\/v2\/product\/1153","targetHints":{"allow":["GET"]}}],"collection":[{"href":"https:\/\/hobbyister.com.br\/index2.php\/wp-json\/wp\/v2\/product"}],"about":[{"href":"https:\/\/hobbyister.com.br\/index2.php\/wp-json\/wp\/v2\/types\/product"}],"replies":[{"embeddable":true,"href":"https:\/\/hobbyister.com.br\/index2.php\/wp-json\/wp\/v2\/comments?post=1153"}],"wp:featuredmedia":[{"embeddable":true,"href":"https:\/\/hobbyister.com.br\/index2.php\/wp-json\/wp\/v2\/media\/1158"}],"wp:attachment":[{"href":"https:\/\/hobbyister.com.br\/index2.php\/wp-json\/wp\/v2\/media?parent=1153"}],"wp:term":[{"taxonomy":"product_brand","embeddable":true,"href":"https:\/\/hobbyister.com.br\/index2.php\/wp-json\/wp\/v2\/product_brand?post=1153"},{"taxonomy":"product_cat","embeddable":true,"href":"https:\/\/hobbyister.com.br\/index2.php\/wp-json\/wp\/v2\/product_cat?post=1153"},{"taxonomy":"product_tag","embeddable":true,"href":"https:\/\/hobbyister.com.br\/index2.php\/wp-json\/wp\/v2\/product_tag?post=1153"}],"curies":[{"name":"wp","href":"https:\/\/api.w.org\/{rel}","templated":true}]}}