{"id":1099,"date":"2025-04-03T11:13:07","date_gmt":"2025-04-03T14:13:07","guid":{"rendered":"https:\/\/hobbyister.com.br\/?post_type=product&#038;p=1099"},"modified":"2025-04-24T18:43:04","modified_gmt":"2025-04-24T21:43:04","slug":"nivel-bolha-transferidor-de-precisao-4cm","status":"publish","type":"product","link":"https:\/\/hobbyister.com.br\/index2.php\/product\/nivel-bolha-transferidor-de-precisao-4cm\/","title":{"rendered":"N\u00edvel bolha transferidor de precis\u00e3o 4cm"},"content":{"rendered":"<h3 class=\"\" data-start=\"103\" data-end=\"145\">N\u00edvel de Bolha Mini 40x15x15mm \u2013 Verde<\/h3>\n<p class=\"\" data-start=\"147\" data-end=\"167\"><strong data-start=\"147\" data-end=\"167\">Caracter\u00edsticas:<\/strong><\/p>\n<ul data-start=\"169\" data-end=\"1049\">\n<li class=\"\" data-start=\"359\" data-end=\"498\">\n<p class=\"\" data-start=\"361\" data-end=\"498\">Medidas: 40 x 15 x 15 mm \u2013 Ideal para calibrar molduras de espelhos, quadros, bastidores de ponto cruz, murais art\u00edsticos, entre outros<\/p>\n<\/li>\n<li class=\"\" data-start=\"499\" data-end=\"622\">\n<p class=\"\" data-start=\"501\" data-end=\"622\"><strong data-start=\"501\" data-end=\"517\">Modo de uso:<\/strong> Posicione na borda do objeto a ser nivelado; quando a bolha estiver centralizada, o n\u00edvel est\u00e1 correto<\/p>\n<\/li>\n<li class=\"\" data-start=\"623\" data-end=\"842\">Dire\u00e7\u00e3o horizontal clara e vis\u00edvel \u2013 acabamento de qualidade, pr\u00e1tico, preciso, r\u00e1pido e eficiente<\/li>\n<\/ul>\n<p class=\"\" data-start=\"1051\" data-end=\"1079\"><strong data-start=\"1051\" data-end=\"1079\">Especifica\u00e7\u00f5es T\u00e9cnicas:<\/strong><\/p>\n<ul data-start=\"1081\" data-end=\"1198\">\n<li class=\"\" data-start=\"1081\" data-end=\"1113\">\n<p class=\"\" data-start=\"1083\" data-end=\"1113\">Cor: Verde (conforme imagem)<\/p>\n<\/li>\n<li class=\"\" data-start=\"1114\" data-end=\"1151\">\n<p class=\"\" data-start=\"1116\" data-end=\"1151\">Material: Acr\u00edlico + Pl\u00e1stico ABS<\/p>\n<\/li>\n<li class=\"\" data-start=\"1152\" data-end=\"1198\">\n<p class=\"\" data-start=\"1154\" data-end=\"1198\">Dimens\u00f5es: 40 x 15 x 15 mm (aproximadamente)<\/p>\n<\/li>\n<\/ul>\n","protected":false},"excerpt":{"rendered":"<p>N\u00edvel bolha transferidor de precis\u00e3o 4cm<\/p>\n","protected":false},"featured_media":1068,"comment_status":"open","ping_status":"closed","template":"","meta":[],"product_brand":[],"product_cat":[64],"product_tag":[],"class_list":{"0":"post-1099","1":"product","2":"type-product","3":"status-publish","4":"has-post-thumbnail","6":"product_cat-outros-equipamentos","8":"first","9":"instock","10":"shipping-taxable","11":"purchasable","12":"product-type-simple"},"_links":{"self":[{"href":"https:\/\/hobbyister.com.br\/index2.php\/wp-json\/wp\/v2\/product\/1099","targetHints":{"allow":["GET"]}}],"collection":[{"href":"https:\/\/hobbyister.com.br\/index2.php\/wp-json\/wp\/v2\/product"}],"about":[{"href":"https:\/\/hobbyister.com.br\/index2.php\/wp-json\/wp\/v2\/types\/product"}],"replies":[{"embeddable":true,"href":"https:\/\/hobbyister.com.br\/index2.php\/wp-json\/wp\/v2\/comments?post=1099"}],"wp:featuredmedia":[{"embeddable":true,"href":"https:\/\/hobbyister.com.br\/index2.php\/wp-json\/wp\/v2\/media\/1068"}],"wp:attachment":[{"href":"https:\/\/hobbyister.com.br\/index2.php\/wp-json\/wp\/v2\/media?parent=1099"}],"wp:term":[{"taxonomy":"product_brand","embeddable":true,"href":"https:\/\/hobbyister.com.br\/index2.php\/wp-json\/wp\/v2\/product_brand?post=1099"},{"taxonomy":"product_cat","embeddable":true,"href":"https:\/\/hobbyister.com.br\/index2.php\/wp-json\/wp\/v2\/product_cat?post=1099"},{"taxonomy":"product_tag","embeddable":true,"href":"https:\/\/hobbyister.com.br\/index2.php\/wp-json\/wp\/v2\/product_tag?post=1099"}],"curies":[{"name":"wp","href":"https:\/\/api.w.org\/{rel}","templated":true}]}}