{"id":1019,"date":"2025-03-31T16:35:11","date_gmt":"2025-03-31T19:35:11","guid":{"rendered":"https:\/\/hobbyister.com.br\/?post_type=product&#038;p=1019"},"modified":"2026-01-19T17:12:20","modified_gmt":"2026-01-19T20:12:20","slug":"kit-de-montagem-maquina-de-corte-a-laser-co2-aco-carbono","status":"publish","type":"product","link":"https:\/\/hobbyister.com.br\/index2.php\/product\/kit-de-montagem-maquina-de-corte-a-laser-co2-aco-carbono\/","title":{"rendered":"Kit de Montagem M\u00e1quina de corte a Laser Co2 &#8211; A\u00e7o carbono"},"content":{"rendered":"<p>Link do curso (Hotmart): <a href=\"https:\/\/bit.ly\/CursoHobbysCo2\">Compre aqui<\/a><\/p>\n<p>Esse Kit \u00e9 pra quem quer montar o seu pr\u00f3prio equipamento de Corte a Laser Co2<\/p>\n<p>Feito em A\u00e7o Carbono de 3mm e pintura preta. Esse kit cont\u00e9m:<\/p>\n<ul>\n<li>3 Polias de distribui\u00e7\u00e3o para motor NEMA 23 com furo 8mm (HTD3M 15mm)<\/li>\n<li>4 polias lisas com parafusos e porcas para Eixo Y (HTD3M 15mm)<\/li>\n<li>1 polia dentada com parafusos e porcas para Eixo X (HTD3M 15mm)<\/li>\n<li>4 pinos trava em a\u00e7o<\/li>\n<li>2 Suportes Dianteiros esticadores para Correia<\/li>\n<li>2 Suportes Traseiros trava para Correia<\/li>\n<li>2 Suportes em L para Polia Dentada Eixo X<\/li>\n<li>2 Travessas para suporte de Tubo<\/li>\n<li>Suporte de Motor do Eixo X (NEMA 23)<\/li>\n<li>2 Bases\/Carro do Eixo Y (1 motor NEMA 23 cada)<\/li>\n<li>BRINDE: 2x Fim de curso + Suportes em Acr\u00edlico<\/li>\n<\/ul>\n<p>::: ATEN\u00c7\u00c3O :::<\/p>\n<p>Este KIT n\u00e3o acompanha Alum\u00ednios estruturais, Trilhos, patins, suportes de espelho ou qualquer outro item que n\u00e3o esteja descrito acima.<br \/>\nTodos os outros componentes devem ser comprados a parte<\/p>\n","protected":false},"excerpt":{"rendered":"<p>Esse Kit \u00e9 pra quem quer montar o seu pr\u00f3prio equipamento de Corte a Laser Co2<\/p>\n<p>Veja tamb\u00e9m o curso de montagem caso seja iniciante e queira ganhar experi\u00eancia antes de iniciar as compras dos seus componentes<\/p>\n","protected":false},"featured_media":1021,"comment_status":"open","ping_status":"closed","template":"","meta":[],"product_brand":[67],"product_cat":[61],"product_tag":[68,70,69],"class_list":{"0":"post-1019","1":"product","2":"type-product","3":"status-publish","4":"has-post-thumbnail","6":"product_brand-maker-de-elite","7":"product_cat-laser","8":"product_tag-corte-a-laser","9":"product_tag-gravadora-a-laser-diy","10":"product_tag-maquina-laser-diy","12":"first","13":"outofstock","14":"sale","15":"shipping-taxable","16":"purchasable","17":"product-type-simple"},"_links":{"self":[{"href":"https:\/\/hobbyister.com.br\/index2.php\/wp-json\/wp\/v2\/product\/1019","targetHints":{"allow":["GET"]}}],"collection":[{"href":"https:\/\/hobbyister.com.br\/index2.php\/wp-json\/wp\/v2\/product"}],"about":[{"href":"https:\/\/hobbyister.com.br\/index2.php\/wp-json\/wp\/v2\/types\/product"}],"replies":[{"embeddable":true,"href":"https:\/\/hobbyister.com.br\/index2.php\/wp-json\/wp\/v2\/comments?post=1019"}],"wp:featuredmedia":[{"embeddable":true,"href":"https:\/\/hobbyister.com.br\/index2.php\/wp-json\/wp\/v2\/media\/1021"}],"wp:attachment":[{"href":"https:\/\/hobbyister.com.br\/index2.php\/wp-json\/wp\/v2\/media?parent=1019"}],"wp:term":[{"taxonomy":"product_brand","embeddable":true,"href":"https:\/\/hobbyister.com.br\/index2.php\/wp-json\/wp\/v2\/product_brand?post=1019"},{"taxonomy":"product_cat","embeddable":true,"href":"https:\/\/hobbyister.com.br\/index2.php\/wp-json\/wp\/v2\/product_cat?post=1019"},{"taxonomy":"product_tag","embeddable":true,"href":"https:\/\/hobbyister.com.br\/index2.php\/wp-json\/wp\/v2\/product_tag?post=1019"}],"curies":[{"name":"wp","href":"https:\/\/api.w.org\/{rel}","templated":true}]}}